{"id":2074,"date":"2025-02-13T06:30:00","date_gmt":"2025-02-13T06:30:00","guid":{"rendered":"https:\/\/www.veenhoop.nl\/?page_id=2074"},"modified":"2025-04-11T09:28:59","modified_gmt":"2025-04-11T09:28:59","slug":"huisdieren","status":"publish","type":"page","link":"https:\/\/www.veenhoop.nl\/de\/camping\/huisdieren\/","title":{"rendered":"Haustiere"},"content":{"rendered":"<div data-elementor-type=\"wp-page\" data-elementor-id=\"2074\" class=\"elementor elementor-2074\" data-elementor-post-type=\"page\">\n\t\t\t\t<div class=\"elementor-element elementor-element-278c6b3 e-con-full e-flex e-con e-parent\" data-id=\"278c6b3\" data-element_type=\"container\" data-e-type=\"container\">\n\t\t<div class=\"elementor-element elementor-element-e73916e e-flex e-con-boxed e-con e-child\" data-id=\"e73916e\" data-element_type=\"container\" data-e-type=\"container\" data-settings=\"{&quot;background_background&quot;:&quot;classic&quot;}\">\n\t\t\t\t\t<div class=\"e-con-inner\">\n\t\t\t\t<div class=\"elementor-element elementor-element-dff8716 elementor-widget__width-initial elementor-widget elementor-widget-heading\" data-id=\"dff8716\" data-element_type=\"widget\" data-e-type=\"widget\" data-widget_type=\"heading.default\">\n\t\t\t\t<div class=\"elementor-widget-container\">\n\t\t\t\t\t<h1 class=\"elementor-heading-title elementor-size-default\">Haustiere sind willkommen!<\/h1>\t\t\t\t<\/div>\n\t\t\t\t<\/div>\n\t\t\t\t\t<\/div>\n\t\t\t\t<\/div>\n\t\t\t\t<\/div>\n\t\t<div class=\"elementor-element elementor-element-ea02063 e-flex e-con-boxed e-con e-parent\" data-id=\"ea02063\" data-element_type=\"container\" data-e-type=\"container\">\n\t\t\t\t\t<div class=\"e-con-inner\">\n\t\t<div class=\"elementor-element elementor-element-01a0df4 e-con-full e-flex e-con e-child\" data-id=\"01a0df4\" data-element_type=\"container\" data-e-type=\"container\">\n\t\t<div class=\"elementor-element elementor-element-b2ea468 e-con-full e-flex e-con e-child\" data-id=\"b2ea468\" data-element_type=\"container\" data-e-type=\"container\">\n\t\t\t\t<div class=\"elementor-element elementor-element-74e1234 section_bar elementor-widget elementor-widget-heading\" data-id=\"74e1234\" data-element_type=\"widget\" data-e-type=\"widget\" data-widget_type=\"heading.default\">\n\t\t\t\t<div class=\"elementor-widget-container\">\n\t\t\t\t\t<p class=\"elementor-heading-title elementor-size-default\">\nHAUSTIERFREUNDLICH<\/p>\t\t\t\t<\/div>\n\t\t\t\t<\/div>\n\t\t\t\t<div class=\"elementor-element elementor-element-63420c5 elementor-widget__width-initial elementor-widget elementor-widget-heading\" data-id=\"63420c5\" data-element_type=\"widget\" data-e-type=\"widget\" data-widget_type=\"heading.default\">\n\t\t\t\t<div class=\"elementor-widget-container\">\n\t\t\t\t\t<h2 class=\"elementor-heading-title elementor-size-default\">Hundefreundlicher Campingplatz<\/h2>\t\t\t\t<\/div>\n\t\t\t\t<\/div>\n\t\t\t\t<div class=\"elementor-element elementor-element-55cb5b5 elementor-widget__width-initial elementor-widget elementor-widget-text-editor\" data-id=\"55cb5b5\" data-element_type=\"widget\" data-e-type=\"widget\" data-widget_type=\"text-editor.default\">\n\t\t\t\t<div class=\"elementor-widget-container\">\n\t\t\t\t\t\t\t\t\t<p>Haustiere sind willkommen, sofern sie an der Leine gef\u00fchrt werden. Wir haben auch einen Hund namens Jip, der uns gelegentlich auf dem Campingplatz besucht. Hunde sind bei uns immer herzlich willkommen.<\/p>\t\t\t\t\t\t\t\t<\/div>\n\t\t\t\t<\/div>\n\t\t\t\t<div class=\"elementor-element elementor-element-902f4b3 elementor-widget__width-initial elementor-widget elementor-widget-text-editor\" data-id=\"902f4b3\" data-element_type=\"widget\" data-e-type=\"widget\" data-widget_type=\"text-editor.default\">\n\t\t\t\t<div class=\"elementor-widget-container\">\n\t\t\t\t\t\t\t\t\t<p>De Veenhoop bietet wundersch\u00f6ne Naturschutzgebiete und Spazierwege f\u00fcr Sie und Ihren Hund. Wenn Sie einen Hund oder ein anderes Tier mitbringen m\u00f6chten, geben Sie dies bitte bei der Buchung an.<\/p>\t\t\t\t\t\t\t\t<\/div>\n\t\t\t\t<\/div>\n\t\t\t\t<div class=\"elementor-element elementor-element-047bda6 boek_button elementor-widget elementor-widget-button\" data-id=\"047bda6\" data-element_type=\"widget\" data-e-type=\"widget\" data-widget_type=\"button.default\">\n\t\t\t\t<div class=\"elementor-widget-container\">\n\t\t\t\t\t\t\t\t\t<div class=\"elementor-button-wrapper\">\n\t\t\t\t\t<a class=\"elementor-button elementor-button-link elementor-size-sm\" href=\"https:\/\/www.veenhoop.nl\/de\/boeken\/\">\n\t\t\t\t\t\t<span class=\"elementor-button-content-wrapper\">\n\t\t\t\t\t\t<span class=\"elementor-button-icon\">\n\t\t\t\t<svg xmlns=\"http:\/\/www.w3.org\/2000\/svg\" viewbox=\"0 0 12 10\" width=\"7\" height=\"6\"><title>arrow-up-right-01-round(2)<\/title><style>\t\t.s0 { fill: none;stroke: #ffffff;stroke-linecap: round;stroke-width: 1.5 } \t\t.s1 { fill: none;stroke: #ffffff;stroke-linecap: round;stroke-linejoin: round;stroke-width: 1.5 } \t<\/style><path class=\"s0\" d=\"m9.3 1.7l-7.3 7.3\"><\/path><path class=\"s1\" d=\"m5.3 1.1c0 0 3.8-0.3 4.4 0.2 0.5 0.6 0.2 4.4 0.2 4.4\"><\/path><\/svg>\t\t\t<\/span>\n\t\t\t\t\t\t\t\t\t<span class=\"elementor-button-text\">Jetzt buchen<\/span>\n\t\t\t\t\t<\/span>\n\t\t\t\t\t<\/a>\n\t\t\t\t<\/div>\n\t\t\t\t\t\t\t\t<\/div>\n\t\t\t\t<\/div>\n\t\t\t\t<\/div>\n\t\t<div class=\"elementor-element elementor-element-0618eda e-con-full e-flex e-con e-child\" data-id=\"0618eda\" data-element_type=\"container\" data-e-type=\"container\">\n\t\t\t\t<div class=\"elementor-element elementor-element-cf79632 elementor-widget elementor-widget-image\" data-id=\"cf79632\" data-element_type=\"widget\" data-e-type=\"widget\" data-widget_type=\"image.default\">\n\t\t\t\t<div class=\"elementor-widget-container\">\n\t\t\t\t\t\t\t\t\t\t\t\t\t\t\t<img fetchpriority=\"high\" decoding=\"async\" width=\"1536\" height=\"2048\" src=\"https:\/\/www.veenhoop.nl\/wp-content\/uploads\/2025\/04\/IMG_4077-scaled.jpg\" class=\"attachment-full size-full wp-image-11144\" alt=\"\" srcset=\"https:\/\/www.veenhoop.nl\/wp-content\/uploads\/2025\/04\/IMG_4077-scaled.jpg 1536w, https:\/\/www.veenhoop.nl\/wp-content\/uploads\/2025\/04\/IMG_4077-225x300.jpg 225w, https:\/\/www.veenhoop.nl\/wp-content\/uploads\/2025\/04\/IMG_4077-768x1024.jpg 768w, https:\/\/www.veenhoop.nl\/wp-content\/uploads\/2025\/04\/IMG_4077-1152x1536.jpg 1152w, https:\/\/www.veenhoop.nl\/wp-content\/uploads\/2025\/04\/IMG_4077-9x12.jpg 9w\" sizes=\"(max-width: 1536px) 100vw, 1536px\" \/>\t\t\t\t\t\t\t\t\t\t\t\t\t\t\t<\/div>\n\t\t\t\t<\/div>\n\t\t\t\t<\/div>\n\t\t\t\t<\/div>\n\t\t\t\t\t<\/div>\n\t\t\t\t<\/div>\n\t\t<div class=\"elementor-element elementor-element-d9582b4 e-flex e-con-boxed e-con e-parent\" data-id=\"d9582b4\" data-element_type=\"container\" data-e-type=\"container\" data-settings=\"{&quot;background_background&quot;:&quot;classic&quot;}\">\n\t\t\t\t\t<div class=\"e-con-inner\">\n\t\t<div class=\"elementor-element elementor-element-c1d9a37 e-con-full e-flex e-con e-child\" data-id=\"c1d9a37\" data-element_type=\"container\" data-e-type=\"container\">\n\t\t\t\t<div class=\"elementor-element elementor-element-8ced5f6 elementor-widget elementor-widget-heading\" data-id=\"8ced5f6\" data-element_type=\"widget\" data-e-type=\"widget\" data-widget_type=\"heading.default\">\n\t\t\t\t<div class=\"elementor-widget-container\">\n\t\t\t\t\t<h2 class=\"elementor-heading-title elementor-size-default\">Buchen Sie jetzt Ihren Campingplatz!<\/h2>\t\t\t\t<\/div>\n\t\t\t\t<\/div>\n\t\t\t\t<div class=\"elementor-element elementor-element-ece7d31 elementor-widget elementor-widget-heading\" data-id=\"ece7d31\" data-element_type=\"widget\" data-e-type=\"widget\" data-widget_type=\"heading.default\">\n\t\t\t\t<div class=\"elementor-widget-container\">\n\t\t\t\t\t<h6 class=\"elementor-heading-title elementor-size-default\">Sollten Sie vorab Fragen haben, k\u00f6nnen Sie uns gerne kontaktieren.<\/h6>\t\t\t\t<\/div>\n\t\t\t\t<\/div>\n\t\t\t\t<div class=\"elementor-element elementor-element-8b459a6 boek_button elementor-widget elementor-widget-button\" data-id=\"8b459a6\" data-element_type=\"widget\" data-e-type=\"widget\" data-widget_type=\"button.default\">\n\t\t\t\t<div class=\"elementor-widget-container\">\n\t\t\t\t\t\t\t\t\t<div class=\"elementor-button-wrapper\">\n\t\t\t\t\t<a class=\"elementor-button elementor-button-link elementor-size-sm\" href=\"https:\/\/www.veenhoop.nl\/de\/boeken\/\">\n\t\t\t\t\t\t<span class=\"elementor-button-content-wrapper\">\n\t\t\t\t\t\t<span class=\"elementor-button-icon\">\n\t\t\t\t<svg xmlns=\"http:\/\/www.w3.org\/2000\/svg\" viewbox=\"0 0 11 10\" width=\"8\" height=\"7\"><title>arrow-up-right-01-round(1)<\/title><style>\t\t.s0 { fill: none;stroke: #ffffff;stroke-linecap: round;stroke-width: 1.5 } \t\t.s1 { fill: none;stroke: #ffffff;stroke-linecap: round;stroke-linejoin: round;stroke-width: 1.5 } \t<\/style><path class=\"s0\" d=\"m8.3 1.7l-7.3 7.3\"><\/path><path class=\"s1\" d=\"m4.3 1.1c0 0 3.8-0.3 4.4 0.2 0.5 0.6 0.2 4.4 0.2 4.4\"><\/path><\/svg>\t\t\t<\/span>\n\t\t\t\t\t\t\t\t\t<span class=\"elementor-button-text\">Kontakt mit<\/span>\n\t\t\t\t\t<\/span>\n\t\t\t\t\t<\/a>\n\t\t\t\t<\/div>\n\t\t\t\t\t\t\t\t<\/div>\n\t\t\t\t<\/div>\n\t\t\t\t<\/div>\n\t\t\t\t\t<\/div>\n\t\t\t\t<\/div>\n\t\t\t\t<\/div>","protected":false},"excerpt":{"rendered":"<p>Huisdieren zijn welkom! HUISDIERVRIENDELIJK Hond-vriendelijke camping Mits aangelijnd zijn huisdieren bij ons welkom. Zelf hebben wij ook een hond hij heet\u00a0Jip en zal af en toe ook de camping te vinden zijn.\u00a0Honden zijn bij ons altijd welkom. De Veenhoop biedt prachtige natuurgebieden en uitlaatgelegenheden voor u en uw hond. Als u een hond of ander [&hellip;]<\/p>\n","protected":false},"author":1,"featured_media":8056,"parent":761,"menu_order":0,"comment_status":"closed","ping_status":"closed","template":"","meta":{"footnotes":""},"class_list":["post-2074","page","type-page","status-publish","has-post-thumbnail","hentry"],"_links":{"self":[{"href":"https:\/\/www.veenhoop.nl\/de\/wp-json\/wp\/v2\/pages\/2074","targetHints":{"allow":["GET"]}}],"collection":[{"href":"https:\/\/www.veenhoop.nl\/de\/wp-json\/wp\/v2\/pages"}],"about":[{"href":"https:\/\/www.veenhoop.nl\/de\/wp-json\/wp\/v2\/types\/page"}],"author":[{"embeddable":true,"href":"https:\/\/www.veenhoop.nl\/de\/wp-json\/wp\/v2\/users\/1"}],"replies":[{"embeddable":true,"href":"https:\/\/www.veenhoop.nl\/de\/wp-json\/wp\/v2\/comments?post=2074"}],"version-history":[{"count":0,"href":"https:\/\/www.veenhoop.nl\/de\/wp-json\/wp\/v2\/pages\/2074\/revisions"}],"up":[{"embeddable":true,"href":"https:\/\/www.veenhoop.nl\/de\/wp-json\/wp\/v2\/pages\/761"}],"wp:featuredmedia":[{"embeddable":true,"href":"https:\/\/www.veenhoop.nl\/de\/wp-json\/wp\/v2\/media\/8056"}],"wp:attachment":[{"href":"https:\/\/www.veenhoop.nl\/de\/wp-json\/wp\/v2\/media?parent=2074"}],"curies":[{"name":"wp","href":"https:\/\/api.w.org\/{rel}","templated":true}]}}