{"id":5740,"date":"2025-02-22T09:53:57","date_gmt":"2025-02-22T09:53:57","guid":{"rendered":"https:\/\/www.veenhoop.nl\/?page_id=5740"},"modified":"2025-04-11T09:31:56","modified_gmt":"2025-04-11T09:31:56","slug":"verhuur","status":"publish","type":"page","link":"https:\/\/www.veenhoop.nl\/de\/verhuur\/","title":{"rendered":"Vermietung"},"content":{"rendered":"<div data-elementor-type=\"wp-page\" data-elementor-id=\"5740\" class=\"elementor elementor-5740\" data-elementor-post-type=\"page\">\n\t\t\t\t<div class=\"elementor-element elementor-element-593a292 e-con-full e-flex e-con e-parent\" data-id=\"593a292\" data-element_type=\"container\" data-e-type=\"container\">\n\t\t<div class=\"elementor-element elementor-element-779353a e-flex e-con-boxed e-con e-child\" data-id=\"779353a\" data-element_type=\"container\" data-e-type=\"container\" data-settings=\"{&quot;background_background&quot;:&quot;classic&quot;}\">\n\t\t\t\t\t<div class=\"e-con-inner\">\n\t\t\t\t<div class=\"elementor-element elementor-element-78c74a5 elementor-widget__width-initial elementor-widget elementor-widget-heading\" data-id=\"78c74a5\" data-element_type=\"widget\" data-e-type=\"widget\" data-widget_type=\"heading.default\">\n\t\t\t\t<div class=\"elementor-widget-container\">\n\t\t\t\t\t<h1 class=\"elementor-heading-title elementor-size-default\">Vermietung De Veenhoop<\/h1>\t\t\t\t<\/div>\n\t\t\t\t<\/div>\n\t\t\t\t\t<\/div>\n\t\t\t\t<\/div>\n\t\t\t\t<\/div>\n\t\t<div class=\"elementor-element elementor-element-99aa8fc e-flex e-con-boxed e-con e-parent\" data-id=\"99aa8fc\" data-element_type=\"container\" data-e-type=\"container\">\n\t\t\t\t\t<div class=\"e-con-inner\">\n\t\t<div class=\"elementor-element elementor-element-d2c8ef6 e-con-full e-flex e-con e-child\" data-id=\"d2c8ef6\" data-element_type=\"container\" data-e-type=\"container\">\n\t\t<div class=\"elementor-element elementor-element-d469b71 e-con-full e-flex e-con e-child\" data-id=\"d469b71\" data-element_type=\"container\" data-e-type=\"container\">\n\t\t\t\t<div class=\"elementor-element elementor-element-73c1569 elementor-widget elementor-widget-image\" data-id=\"73c1569\" data-element_type=\"widget\" data-e-type=\"widget\" data-widget_type=\"image.default\">\n\t\t\t\t<div class=\"elementor-widget-container\">\n\t\t\t\t\t\t\t\t\t\t\t\t\t\t\t<img fetchpriority=\"high\" decoding=\"async\" width=\"1352\" height=\"672\" src=\"https:\/\/www.veenhoop.nl\/wp-content\/uploads\/2025\/04\/IMG_4199-scaled-1-1.png\" class=\"attachment-full size-full wp-image-10859\" alt=\"\" srcset=\"https:\/\/www.veenhoop.nl\/wp-content\/uploads\/2025\/04\/IMG_4199-scaled-1-1.png 1352w, https:\/\/www.veenhoop.nl\/wp-content\/uploads\/2025\/04\/IMG_4199-scaled-1-1-300x149.png 300w, https:\/\/www.veenhoop.nl\/wp-content\/uploads\/2025\/04\/IMG_4199-scaled-1-1-1024x509.png 1024w, https:\/\/www.veenhoop.nl\/wp-content\/uploads\/2025\/04\/IMG_4199-scaled-1-1-768x382.png 768w, https:\/\/www.veenhoop.nl\/wp-content\/uploads\/2025\/04\/IMG_4199-scaled-1-1-18x9.png 18w\" sizes=\"(max-width: 1352px) 100vw, 1352px\" \/>\t\t\t\t\t\t\t\t\t\t\t\t\t\t\t<\/div>\n\t\t\t\t<\/div>\n\t\t\t\t<\/div>\n\t\t<div class=\"elementor-element elementor-element-2ef8e80 e-con-full e-flex e-con e-child\" data-id=\"2ef8e80\" data-element_type=\"container\" data-e-type=\"container\">\n\t\t\t\t<div class=\"elementor-element elementor-element-0acae5f section_bar elementor-widget elementor-widget-heading\" data-id=\"0acae5f\" data-element_type=\"widget\" data-e-type=\"widget\" data-widget_type=\"heading.default\">\n\t\t\t\t<div class=\"elementor-widget-container\">\n\t\t\t\t\t<p class=\"elementor-heading-title elementor-size-default\">Vermietung<\/p>\t\t\t\t<\/div>\n\t\t\t\t<\/div>\n\t\t\t\t<div class=\"elementor-element elementor-element-f3a0e3b elementor-widget__width-initial elementor-widget elementor-widget-heading\" data-id=\"f3a0e3b\" data-element_type=\"widget\" data-e-type=\"widget\" data-widget_type=\"heading.default\">\n\t\t\t\t<div class=\"elementor-widget-container\">\n\t\t\t\t\t<h2 class=\"elementor-heading-title elementor-size-default\">Entdecken Sie die Gegend<\/h2>\t\t\t\t<\/div>\n\t\t\t\t<\/div>\n\t\t\t\t<div class=\"elementor-element elementor-element-e2ecea4 elementor-widget__width-initial elementor-widget elementor-widget-text-editor\" data-id=\"e2ecea4\" data-element_type=\"widget\" data-e-type=\"widget\" data-widget_type=\"text-editor.default\">\n\t\t\t\t<div class=\"elementor-widget-container\">\n\t\t\t\t\t\t\t\t\t<p>Wir bieten Ihnen verschiedene Mietm\u00f6glichkeiten ab Campingplatz an. Mit unserem Angebot an Schaluppen, Segelbooten, SUPs, Kanus, E-Bikes, normalen Fahrr\u00e4dern sowie E-Fatbikes und E-Choppern k\u00f6nnen Sie die Gegend um De Veenhoop sowohl vom Wasser aus als auch entlang der K\u00fcste erkunden. De Veenhoop ist von wundersch\u00f6nen Naturschutzgebieten wie Alde Feanen und den W\u00e4ldern von Beetsterzwaag umgeben. \u00dcberpr\u00fcfen Sie die Verf\u00fcgbarkeit unten<\/p>\t\t\t\t\t\t\t\t<\/div>\n\t\t\t\t<\/div>\n\t\t\t\t<div class=\"elementor-element elementor-element-639ca53 elementor-widget__width-initial elementor-widget elementor-widget-text-editor\" data-id=\"639ca53\" data-element_type=\"widget\" data-e-type=\"widget\" data-widget_type=\"text-editor.default\">\n\t\t\t\t<div class=\"elementor-widget-container\">\n\t\t\t\t\t\t\t\t\t<p><strong>F\u00fcr den gleichen Tag oder eine gro\u00dfe Gruppe? Kontaktieren Sie uns bitte telefonisch!<\/strong><\/p>\t\t\t\t\t\t\t\t<\/div>\n\t\t\t\t<\/div>\n\t\t\t\t<div class=\"elementor-element elementor-element-4433fa1 boek_button elementor-widget elementor-widget-button\" data-id=\"4433fa1\" data-element_type=\"widget\" data-e-type=\"widget\" data-widget_type=\"button.default\">\n\t\t\t\t<div class=\"elementor-widget-container\">\n\t\t\t\t\t\t\t\t\t<div class=\"elementor-button-wrapper\">\n\t\t\t\t\t<a class=\"elementor-button elementor-button-link elementor-size-sm\" href=\"#verhuur_iframe\">\n\t\t\t\t\t\t<span class=\"elementor-button-content-wrapper\">\n\t\t\t\t\t\t<span class=\"elementor-button-icon\">\n\t\t\t\t<svg xmlns=\"http:\/\/www.w3.org\/2000\/svg\" viewbox=\"0 0 11 10\" width=\"8\" height=\"7\"><title>arrow-up-right-01-round(1)<\/title><style>\t\t.s0 { fill: none;stroke: #ffffff;stroke-linecap: round;stroke-width: 1.5 } \t\t.s1 { fill: none;stroke: #ffffff;stroke-linecap: round;stroke-linejoin: round;stroke-width: 1.5 } \t<\/style><path class=\"s0\" d=\"m8.3 1.7l-7.3 7.3\"><\/path><path class=\"s1\" d=\"m4.3 1.1c0 0 3.8-0.3 4.4 0.2 0.5 0.6 0.2 4.4 0.2 4.4\"><\/path><\/svg>\t\t\t<\/span>\n\t\t\t\t\t\t\t\t\t<span class=\"elementor-button-text\">Jetzt buchen<\/span>\n\t\t\t\t\t<\/span>\n\t\t\t\t\t<\/a>\n\t\t\t\t<\/div>\n\t\t\t\t\t\t\t\t<\/div>\n\t\t\t\t<\/div>\n\t\t\t\t<\/div>\n\t\t\t\t<\/div>\n\t\t\t\t\t<\/div>\n\t\t\t\t<\/div>\n\t\t<div class=\"elementor-element elementor-element-997ca46 e-flex e-con-boxed e-con e-parent\" data-id=\"997ca46\" data-element_type=\"container\" data-e-type=\"container\" id=\"verhuur_iframe\">\n\t\t\t\t\t<div class=\"e-con-inner\">\n\t\t\t\t<div class=\"elementor-element elementor-element-6c38a9d elementor-widget__width-inherit verhuur_iframe elementor-widget elementor-widget-html\" data-id=\"6c38a9d\" data-element_type=\"widget\" data-e-type=\"widget\" data-widget_type=\"html.default\">\n\t\t\t\t<div class=\"elementor-widget-container\">\n\t\t\t\t\t<script type=\"text\/javascript\" src=\"https:\/\/widget.123boeken.nl\/0zOXR05e68Cllnl5XXGd1ND2yt56236h2sRs60ZiQ5CM1LY885\/widgets.js\"><\/script><div data-widget=\"123boeken\" data-apikey=\"0zOXR05e68Cllnl5XXGd1ND2yt56236h2sRs60ZiQ5CM1LY885\"><\/div>\t\t\t\t<\/div>\n\t\t\t\t<\/div>\n\t\t\t\t\t<\/div>\n\t\t\t\t<\/div>\n\t\t\t\t<\/div>","protected":false},"excerpt":{"rendered":"<p>Verhuur De Veenhoop Verhuur Ontdek de omgeving Vanuit de camping bieden wij diverse verhuurmogelijkheden aan. Met ons aanbod\u00a0aan sloepen, zeilboten, SUP\u2019s, kano\u2019s, E-bikes, gewone fietsen en E-fatbikes en E-choppers kunt u de omgeving van De Veenhoop verkennen, zowel vanaf het water als lang de kant. De Veenhoop is omringt door mooie natuurgebieden als de Alde [&hellip;]<\/p>\n","protected":false},"author":1,"featured_media":5757,"parent":0,"menu_order":0,"comment_status":"closed","ping_status":"closed","template":"","meta":{"footnotes":""},"class_list":["post-5740","page","type-page","status-publish","has-post-thumbnail","hentry"],"_links":{"self":[{"href":"https:\/\/www.veenhoop.nl\/de\/wp-json\/wp\/v2\/pages\/5740","targetHints":{"allow":["GET"]}}],"collection":[{"href":"https:\/\/www.veenhoop.nl\/de\/wp-json\/wp\/v2\/pages"}],"about":[{"href":"https:\/\/www.veenhoop.nl\/de\/wp-json\/wp\/v2\/types\/page"}],"author":[{"embeddable":true,"href":"https:\/\/www.veenhoop.nl\/de\/wp-json\/wp\/v2\/users\/1"}],"replies":[{"embeddable":true,"href":"https:\/\/www.veenhoop.nl\/de\/wp-json\/wp\/v2\/comments?post=5740"}],"version-history":[{"count":0,"href":"https:\/\/www.veenhoop.nl\/de\/wp-json\/wp\/v2\/pages\/5740\/revisions"}],"wp:featuredmedia":[{"embeddable":true,"href":"https:\/\/www.veenhoop.nl\/de\/wp-json\/wp\/v2\/media\/5757"}],"wp:attachment":[{"href":"https:\/\/www.veenhoop.nl\/de\/wp-json\/wp\/v2\/media?parent=5740"}],"curies":[{"name":"wp","href":"https:\/\/api.w.org\/{rel}","templated":true}]}}